{"id":506,"date":"2015-07-29T13:44:44","date_gmt":"2015-07-29T13:44:44","guid":{"rendered":"http:\/\/spacious-free-company-demo.qsandbox.com\/?page_id=4"},"modified":"2025-12-19T14:06:46","modified_gmt":"2025-12-19T14:06:46","slug":"home","status":"publish","type":"page","link":"https:\/\/www.geissmann-bus.ch\/","title":{"rendered":"Home"},"content":{"rendered":"\t\t<div data-elementor-type=\"wp-post\" data-elementor-id=\"506\" class=\"elementor elementor-506\">\n\t\t\t\t\t\t<section class=\"elementor-section elementor-top-section elementor-element elementor-element-0b17970 elementor-section-height-min-height elementor-section-full_width elementor-section-stretched elementor-section-height-default elementor-section-items-middle\" data-id=\"0b17970\" data-element_type=\"section\" data-e-type=\"section\" data-settings=\"{&quot;background_background&quot;:&quot;classic&quot;,&quot;stretch_section&quot;:&quot;section-stretched&quot;}\">\n\t\t\t\t\t\t<div class=\"elementor-container elementor-column-gap-default\">\n\t\t\t\t\t<div class=\"elementor-column elementor-col-100 elementor-top-column elementor-element elementor-element-0aafb8b elementor-hidden-desktop elementor-hidden-tablet elementor-hidden-mobile\" data-id=\"0aafb8b\" data-element_type=\"column\" data-e-type=\"column\">\n\t\t\t<div class=\"elementor-widget-wrap\">\n\t\t\t\t\t\t\t<\/div>\n\t\t<\/div>\n\t\t\t\t\t<\/div>\n\t\t<\/section>\n\t\t\t\t<section class=\"elementor-section elementor-top-section elementor-element elementor-element-5f19733 elementor-section-boxed elementor-section-height-default elementor-section-height-default\" data-id=\"5f19733\" data-element_type=\"section\" data-e-type=\"section\">\n\t\t\t\t\t\t<div class=\"elementor-container elementor-column-gap-default\">\n\t\t\t\t\t<div class=\"elementor-column elementor-col-50 elementor-top-column elementor-element elementor-element-b33dee9\" data-id=\"b33dee9\" data-element_type=\"column\" data-e-type=\"column\">\n\t\t\t<div class=\"elementor-widget-wrap\">\n\t\t\t\t\t\t\t<\/div>\n\t\t<\/div>\n\t\t\t\t<div class=\"elementor-column elementor-col-50 elementor-top-column elementor-element elementor-element-1f0ecfe\" data-id=\"1f0ecfe\" data-element_type=\"column\" data-e-type=\"column\" data-settings=\"{&quot;background_background&quot;:&quot;classic&quot;}\">\n\t\t\t<div class=\"elementor-widget-wrap elementor-element-populated\">\n\t\t\t\t\t\t<div class=\"elementor-element elementor-element-4ab3666 elementor-invisible elementor-widget elementor-widget-image\" data-id=\"4ab3666\" data-element_type=\"widget\" data-e-type=\"widget\" data-settings=\"{&quot;_animation&quot;:&quot;fadeInRight&quot;}\" data-widget_type=\"image.default\">\n\t\t\t\t<div class=\"elementor-widget-container\">\n\t\t\t\t\t\t\t\t\t\t\t\t\t\t\t<img decoding=\"async\" src=\"https:\/\/www.geissmann-bus.ch\/wp-content\/uploads\/2020\/07\/logo_geissmannbus.jpg\" title=\"logo_geissmannbus\" alt=\"Geissmann Bus AG\" loading=\"lazy\" \/>\t\t\t\t\t\t\t\t\t\t\t\t\t\t\t<\/div>\n\t\t\t\t<\/div>\n\t\t\t\t\t<\/div>\n\t\t<\/div>\n\t\t\t\t\t<\/div>\n\t\t<\/section>\n\t\t\t\t<section class=\"elementor-section elementor-top-section elementor-element elementor-element-292d22f elementor-section-content-top elementor-section-boxed elementor-section-height-default elementor-section-height-default\" data-id=\"292d22f\" data-element_type=\"section\" data-e-type=\"section\" data-settings=\"{&quot;background_background&quot;:&quot;classic&quot;}\">\n\t\t\t\t\t\t<div class=\"elementor-container elementor-column-gap-default\">\n\t\t\t\t\t<div class=\"elementor-column elementor-col-33 elementor-top-column elementor-element elementor-element-4e88f6f\" data-id=\"4e88f6f\" data-element_type=\"column\" data-e-type=\"column\">\n\t\t\t<div class=\"elementor-widget-wrap elementor-element-populated\">\n\t\t\t\t\t\t<div class=\"elementor-element elementor-element-664c237 elementor-widget elementor-widget-heading\" data-id=\"664c237\" data-element_type=\"widget\" data-e-type=\"widget\" data-widget_type=\"heading.default\">\n\t\t\t\t<div class=\"elementor-widget-container\">\n\t\t\t\t\t<h2 class=\"elementor-heading-title elementor-size-default\">+++ Neu +++<\/h2>\t\t\t\t<\/div>\n\t\t\t\t<\/div>\n\t\t\t\t<div class=\"elementor-element elementor-element-c4077e1 elementor-widget elementor-widget-text-editor\" data-id=\"c4077e1\" data-element_type=\"widget\" data-e-type=\"widget\" data-widget_type=\"text-editor.default\">\n\t\t\t\t<div class=\"elementor-widget-container\">\n\t\t\t\t\t\t\t\t\t<p>Die Postautolinien der Geissmann Bus AG sind seit dem 1. Dezember 2025 bei PostAuto Schweiz angegliedert. Die Kontaktdaten des Regiebetriebes in H\u00e4gglingen sind folgende:<br \/>B\u00fcro H\u00e4gglingen: 058 341 03 93<br \/>Email: <a href=\"mailto:haegglingen@postauto.ch\">haegglingen@postauto.ch<\/a><\/p><p>Die Geissmann Bus AG ist unter der Email <a href=\"mailto:info@geissmann-bus.ch\">info@geissmann-bus.ch<\/a> erreichbar.<\/p>\t\t\t\t\t\t\t\t<\/div>\n\t\t\t\t<\/div>\n\t\t\t\t\t<\/div>\n\t\t<\/div>\n\t\t\t\t<div class=\"elementor-column elementor-col-66 elementor-top-column elementor-element elementor-element-56e3e85\" data-id=\"56e3e85\" data-element_type=\"column\" data-e-type=\"column\">\n\t\t\t<div class=\"elementor-widget-wrap elementor-element-populated\">\n\t\t\t\t\t\t<div class=\"elementor-element elementor-element-8b22bea elementor-hidden-phone elementor-widget elementor-widget-image\" data-id=\"8b22bea\" data-element_type=\"widget\" data-e-type=\"widget\" data-widget_type=\"image.default\">\n\t\t\t\t<div class=\"elementor-widget-container\">\n\t\t\t\t\t\t\t\t\t\t\t\t\t\t\t<img fetchpriority=\"high\" decoding=\"async\" width=\"2560\" height=\"1094\" src=\"https:\/\/www.geissmann-bus.ch\/wp-content\/uploads\/2020\/09\/about_2-scaled.jpg\" class=\"attachment-full size-full wp-image-982\" alt=\"\" srcset=\"https:\/\/www.geissmann-bus.ch\/wp-content\/uploads\/2020\/09\/about_2-scaled.jpg 2560w, https:\/\/www.geissmann-bus.ch\/wp-content\/uploads\/2020\/09\/about_2-300x128.jpg 300w, https:\/\/www.geissmann-bus.ch\/wp-content\/uploads\/2020\/09\/about_2-1024x438.jpg 1024w, https:\/\/www.geissmann-bus.ch\/wp-content\/uploads\/2020\/09\/about_2-768x328.jpg 768w, https:\/\/www.geissmann-bus.ch\/wp-content\/uploads\/2020\/09\/about_2-1536x657.jpg 1536w, https:\/\/www.geissmann-bus.ch\/wp-content\/uploads\/2020\/09\/about_2-2048x875.jpg 2048w\" sizes=\"(max-width: 2560px) 100vw, 2560px\" \/>\t\t\t\t\t\t\t\t\t\t\t\t\t\t\t<\/div>\n\t\t\t\t<\/div>\n\t\t\t\t\t<\/div>\n\t\t<\/div>\n\t\t\t\t\t<\/div>\n\t\t<\/section>\n\t\t\t\t<section class=\"elementor-section elementor-top-section elementor-element elementor-element-d53d7aa elementor-section-boxed elementor-section-height-default elementor-section-height-default\" data-id=\"d53d7aa\" data-element_type=\"section\" data-e-type=\"section\">\n\t\t\t\t\t\t<div class=\"elementor-container elementor-column-gap-default\">\n\t\t\t\t\t\t<\/div>\n\t\t<\/section>\n\t\t\t\t<\/div>\n\t\t","protected":false},"excerpt":{"rendered":"<p>+++ Neu +++ Die Postautolinien der Geissmann Bus AG sind seit dem 1. Dezember 2025 bei PostAuto Schweiz angegliedert. Die Kontaktdaten des Regiebetriebes in H\u00e4gglingen sind folgende:B\u00fcro H\u00e4gglingen: 058 341 03 93Email: haegglingen@postauto.ch Die Geissmann Bus AG ist unter der<\/p>\n","protected":false},"author":1,"featured_media":0,"parent":0,"menu_order":0,"comment_status":"open","ping_status":"open","template":"page-templates\/page-builder.php","meta":{"footnotes":""},"class_list":["post-506","page","type-page","status-publish","hentry"],"_links":{"self":[{"href":"https:\/\/www.geissmann-bus.ch\/index.php?rest_route=\/wp\/v2\/pages\/506","targetHints":{"allow":["GET"]}}],"collection":[{"href":"https:\/\/www.geissmann-bus.ch\/index.php?rest_route=\/wp\/v2\/pages"}],"about":[{"href":"https:\/\/www.geissmann-bus.ch\/index.php?rest_route=\/wp\/v2\/types\/page"}],"author":[{"embeddable":true,"href":"https:\/\/www.geissmann-bus.ch\/index.php?rest_route=\/wp\/v2\/users\/1"}],"replies":[{"embeddable":true,"href":"https:\/\/www.geissmann-bus.ch\/index.php?rest_route=%2Fwp%2Fv2%2Fcomments&post=506"}],"version-history":[{"count":297,"href":"https:\/\/www.geissmann-bus.ch\/index.php?rest_route=\/wp\/v2\/pages\/506\/revisions"}],"predecessor-version":[{"id":4377,"href":"https:\/\/www.geissmann-bus.ch\/index.php?rest_route=\/wp\/v2\/pages\/506\/revisions\/4377"}],"wp:attachment":[{"href":"https:\/\/www.geissmann-bus.ch\/index.php?rest_route=%2Fwp%2Fv2%2Fmedia&parent=506"}],"curies":[{"name":"wp","href":"https:\/\/api.w.org\/{rel}","templated":true}]}}